{"id":1728,"date":"2021-09-14T11:39:06","date_gmt":"2021-09-14T09:39:06","guid":{"rendered":"http:\/\/g3cs.fr\/g3cs\/?page_id=1728"},"modified":"2021-10-13T15:34:04","modified_gmt":"2021-10-13T13:34:04","slug":"politiqueconfidentialite","status":"publish","type":"page","link":"https:\/\/g3cs.fr\/g3cs\/politiqueconfidentialite\/","title":{"rendered":"Politique confidentialit\u00e9"},"content":{"rendered":"\t\t<div data-elementor-type=\"wp-page\" data-elementor-id=\"1728\" class=\"elementor elementor-1728\" data-elementor-settings=\"[]\">\n\t\t\t\t\t\t\t<div class=\"elementor-section-wrap\">\n\t\t\t\t\t\t\t<section class=\"elementor-section elementor-top-section elementor-element elementor-element-39696cf elementor-section-boxed elementor-section-height-default elementor-section-height-default\" data-id=\"39696cf\" data-element_type=\"section\">\n\t\t\t\t\t\t<div class=\"elementor-container elementor-column-gap-default\">\n\t\t\t\t\t<div class=\"elementor-column elementor-col-100 elementor-top-column elementor-element elementor-element-57dbc92\" data-id=\"57dbc92\" data-element_type=\"column\">\n\t\t\t<div class=\"elementor-widget-wrap elementor-element-populated\">\n\t\t\t\t\t\t\t\t<div class=\"elementor-element elementor-element-e14d363 elementor-widget elementor-widget-heading\" data-id=\"e14d363\" data-element_type=\"widget\" data-widget_type=\"heading.default\">\n\t\t\t\t<div class=\"elementor-widget-container\">\n\t\t\t<h1 class=\"elementor-heading-title elementor-size-large\">Politique de confidentialit\u00e9<\/h1>\t\t<\/div>\n\t\t\t\t<\/div>\n\t\t\t\t<div class=\"elementor-element elementor-element-673c65a elementor-widget elementor-widget-text-editor\" data-id=\"673c65a\" data-element_type=\"widget\" data-widget_type=\"text-editor.default\">\n\t\t\t\t<div class=\"elementor-widget-container\">\n\t\t\t\t\t\t\t\t<h2>1 : Identit\u00e9 du responsable du traitement<\/h2><p>Le responsable du traitement est la soci\u00e9t\u00e9 G3CS, au capital de 1000 euros, immatricul\u00e9e au RCS Saint-Nazaire B: 524 137 577 et dont le si\u00e8ge social est situ\u00e9 au 24 Rue Adrien Pichon 44600 Saint-Nazaire.<\/p><p>Contact : 06 37 73 00 79 \/\/ <a href=\"mailto:info@g3cs.fr\">info@g3cs.fr<\/a><\/p>\t\t\t\t\t\t<\/div>\n\t\t\t\t<\/div>\n\t\t\t\t<div class=\"elementor-element elementor-element-0d90a31 elementor-widget elementor-widget-text-editor\" data-id=\"0d90a31\" data-element_type=\"widget\" data-widget_type=\"text-editor.default\">\n\t\t\t\t<div class=\"elementor-widget-container\">\n\t\t\t\t\t\t\t\t<h2>2 : Finalit\u00e9s du traitement<\/h2><p>G3CS \u00a0est susceptible de traiter vos Informations Personnelles :<\/p><ul><li>afin de vous fournir les informations ou les services que vous avez demand\u00e9; et\/ou<\/li><li>afin de recueillir des informations nous permettant d\u2019am\u00e9liorer notre Site, nos produits et services (notamment par le biais de cookies) ; et\/ou<\/li><li>afin de pouvoir vous contacter \u00e0 propos de diff\u00e9rents \u00e9v\u00e9nements relatifs \u00e0 G3CS, incluant notamment la mise \u00e0 jour des produits et le support client.<\/li><\/ul>\t\t\t\t\t\t<\/div>\n\t\t\t\t<\/div>\n\t\t\t\t<div class=\"elementor-element elementor-element-a9ec2d8 elementor-widget elementor-widget-text-editor\" data-id=\"a9ec2d8\" data-element_type=\"widget\" data-widget_type=\"text-editor.default\">\n\t\t\t\t<div class=\"elementor-widget-container\">\n\t\t\t\t\t\t\t\t<h2>3 : Collecte de l&rsquo;information<\/h2><p>Nous recueillons des informations lorsque vous vous inscrivez sur notre site, t\u00e9l\u00e9chargez un contenu, participez \u00e0 un \u00e9v\u00e9nement. Les informations recueillies incluent votre nom, votre pr\u00e9nom, votre adresse e-mail, votre num\u00e9ro de t\u00e9l\u00e9phone et le nom de votre entreprise.<\/p><p>En outre, nous recevons et enregistrons automatiquement des informations \u00e0 partir de votre ordinateur et navigateur, y compris votre adresse IP, votre mat\u00e9riel, et la page que vous demandez.<\/p>\t\t\t\t\t\t<\/div>\n\t\t\t\t<\/div>\n\t\t\t\t<div class=\"elementor-element elementor-element-71d795a elementor-widget elementor-widget-text-editor\" data-id=\"71d795a\" data-element_type=\"widget\" data-widget_type=\"text-editor.default\">\n\t\t\t\t<div class=\"elementor-widget-container\">\n\t\t\t\t\t\t\t\t<h2>4 : Destinataire<\/h2><p>Nous sommes les seuls propri\u00e9taires des informations recueillies sur ce site. Vos informations personnelles ne seront pas vendues, \u00e9chang\u00e9es, transf\u00e9r\u00e9es, ou donn\u00e9es \u00e0 une autre soci\u00e9t\u00e9 autre que G3CS pour n\u2019importe quelle raison, sans votre consentement, en dehors de ce qui est n\u00e9cessaire pour r\u00e9pondre \u00e0 une demande, comme par exemple l\u2019envoi de contenu du type livre blanc, brochure ou infographie.<\/p>\t\t\t\t\t\t<\/div>\n\t\t\t\t<\/div>\n\t\t\t\t<div class=\"elementor-element elementor-element-b934bac elementor-widget elementor-widget-text-editor\" data-id=\"b934bac\" data-element_type=\"widget\" data-widget_type=\"text-editor.default\">\n\t\t\t\t<div class=\"elementor-widget-container\">\n\t\t\t\t\t\t\t\t<h2>5 : Utilisation des informations<\/h2><p>Toutes les informations que nous recueillons aupr\u00e8s de vous peuvent \u00eatre utilis\u00e9es pour :<\/p><ul><li>Personnaliser votre exp\u00e9rience et r\u00e9pondre \u00e0 vos besoins individuels<\/li><li>Fournir un contenu publicitaire personnalis\u00e9<\/li><li>Am\u00e9liorer notre site Web<\/li><li>Am\u00e9liorer le service client et vos besoins de prise en charge<\/li><li>Vous contacter par e-mail ou par t\u00e9l\u00e9phone<\/li><li>Vous envoyer des contenus par e-mail<\/li><li>Vous inviter \u00e0 des \u00e9v\u00e9nements organis\u00e9s par G3CS<\/li><\/ul>\t\t\t\t\t\t<\/div>\n\t\t\t\t<\/div>\n\t\t\t\t<div class=\"elementor-element elementor-element-cba6360 elementor-widget elementor-widget-text-editor\" data-id=\"cba6360\" data-element_type=\"widget\" data-widget_type=\"text-editor.default\">\n\t\t\t\t<div class=\"elementor-widget-container\">\n\t\t\t\t\t\t\t\t<h2>6 : Divulgation \u00e0 des tiers<\/h2><p>Nous ne vendons, n\u2019\u00e9changeons et ne transf\u00e9rons pas vos informations personnelles identifiables \u00e0 des tiers. Cela ne comprend pas les tierce parties de confiance qui nous aident \u00e0 exploiter notre site Web ou \u00e0 mener nos affaires, tant que ces parties conviennent de garder ces informations confidentielles.<\/p><p>Nous pensons qu\u2019il est n\u00e9cessaire de partager des informations afin d\u2019enqu\u00eater, de pr\u00e9venir ou de prendre des mesures concernant des activit\u00e9s ill\u00e9gales, fraudes pr\u00e9sum\u00e9es, situations impliquant des menaces potentielles \u00e0 la s\u00e9curit\u00e9 physique de toute personne, violations de nos conditions d\u2019utilisation, ou quand la loi nous y contraint.<\/p><p>Les informations non-priv\u00e9es, cependant, peuvent \u00eatre fournies \u00e0 d\u2019autres parties, pour le marketing, la publicit\u00e9, ou d\u2019autres utilisations.<\/p>\t\t\t\t\t\t<\/div>\n\t\t\t\t<\/div>\n\t\t\t\t<div class=\"elementor-element elementor-element-c6b90f6 elementor-widget elementor-widget-text-editor\" data-id=\"c6b90f6\" data-element_type=\"widget\" data-widget_type=\"text-editor.default\">\n\t\t\t\t<div class=\"elementor-widget-container\">\n\t\t\t\t\t\t\t\t<h2>7 : Protection des informations<\/h2><p>Nous mettons en \u0153uvre une vari\u00e9t\u00e9 de mesures de s\u00e9curit\u00e9 pour pr\u00e9server la s\u00e9curit\u00e9 de vos informations personnelles. Nous utilisons un cryptage \u00e0 la pointe de la technologie pour prot\u00e9ger les informations sensibles transmises en ligne. Nous prot\u00e9geons \u00e9galement vos informations hors ligne. Seuls les employ\u00e9s qui ont besoin d\u2019effectuer un travail sp\u00e9cifique (par exemple, la facturation ou le service \u00e0 la client\u00e8le) ont acc\u00e8s aux informations personnelles identifiables. Les ordinateurs et serveurs utilis\u00e9s pour stocker des informations personnelles identifiables sont conserv\u00e9s dans un environnement s\u00e9curis\u00e9.<\/p><p>Est-ce que nous utilisons des cookies ?<\/p><p>Oui. Nos cookies am\u00e9liorent l\u2019acc\u00e8s \u00e0 notre site et identifient les visiteurs r\u00e9guliers. En outre, nos cookies am\u00e9liorent l\u2019exp\u00e9rience d\u2019utilisateur gr\u00e2ce au suivi et au ciblage de ses int\u00e9r\u00eats. Cependant, cette utilisation des cookies n\u2019est en aucune fa\u00e7on li\u00e9e \u00e0 des informations personnelles identifiables sur notre site.<\/p>\t\t\t\t\t\t<\/div>\n\t\t\t\t<\/div>\n\t\t\t\t<div class=\"elementor-element elementor-element-8017f56 elementor-widget elementor-widget-text-editor\" data-id=\"8017f56\" data-element_type=\"widget\" data-widget_type=\"text-editor.default\">\n\t\t\t\t<div class=\"elementor-widget-container\">\n\t\t\t\t\t\t\t\t<h2>8 : Dur\u00e9e de conservation<\/h2><p>Vos Informations Personnelles sont conserv\u00e9es par le G3CS uniquement pour le temps correspondant \u00e0 la finalit\u00e9 de la collecte tel qu\u2019indiqu\u00e9 en 2 ci-dessus qui ne saurait en tout \u00e9tat de cause exc\u00e9der 24 mois.<\/p>\t\t\t\t\t\t<\/div>\n\t\t\t\t<\/div>\n\t\t\t\t<div class=\"elementor-element elementor-element-0801816 elementor-widget elementor-widget-text-editor\" data-id=\"0801816\" data-element_type=\"widget\" data-widget_type=\"text-editor.default\">\n\t\t\t\t<div class=\"elementor-widget-container\">\n\t\t\t\t\t\t\t\t<h2>9 : Vos droits sur vos donn\u00e9es<\/h2><p>Dans les limites et r\u00e9serves port\u00e9es par la loi vous disposez de droits sur les donn\u00e9es qui vous concernent (articles 15 \u00e0 20 du RGPD). Ces droits sont :<\/p><ul><li>le droit d\u2019obtenir la confirmation que vos donn\u00e9es sont bien trait\u00e9es par le G3CS et les modalit\u00e9s de traitement de ces donn\u00e9<\/li><li>le droit d\u2019acc\u00e9der \u00e0 vos donn\u00e9<\/li><li>le droit de rectifier les donn\u00e9es qui sont inexactes ou incompl\u00e8<\/li><li>le droit de demander l\u2019effacement des donn\u00e9es qui n\u2019ont plus \u00e0 \u00eatre conserv\u00e9<\/li><li>le droit de d\u00e9cider du sort de vos donn\u00e9es, aupr\u00e8s d\u2019un tiers de confiance certifi\u00e9 par la CNIL.<\/li><li>le droit \u00e0 la limitation du traitement de vos donn\u00e9es si vos donn\u00e9es \u00e9taient utilis\u00e9es<\/li><li>le droit \u00e0 la notification des mises \u00e0 jour de vos donn\u00e9<\/li><li>le droit \u00e0 la portabilit\u00e9 des donn\u00e9es qui vous avez fournies selon des proc\u00e9d\u00e9s automatis\u00e9<\/li><li>le droit d\u2019opposition pour motif l\u00e9gitime au traitement de vos donn\u00e9es, ou simplement \u00e0 de la prospection commerciale.<\/li><\/ul><p>Pour exercer ces droits, vous devez justifier de votre identit\u00e9 et en faire la demande, par e-mail \u00e0\u00a0<a href=\"mailto:info@g3cs.fr\">info@g3cs.fr<\/a><\/p>\t\t\t\t\t\t<\/div>\n\t\t\t\t<\/div>\n\t\t\t\t<div class=\"elementor-element elementor-element-54f0df1 elementor-widget elementor-widget-text-editor\" data-id=\"54f0df1\" data-element_type=\"widget\" data-widget_type=\"text-editor.default\">\n\t\t\t\t<div class=\"elementor-widget-container\">\n\t\t\t\t\t\t\t\t<h2>10: Droit de rectification des donn\u00e9es<\/h2><p>Au titre de ce droit, la l\u00e9gislation vous habilite \u00e0 demander la rectification, la mise \u00e0 jour, le verrouillage ou encore l\u2019effacement des donn\u00e9es vous concernant qui peuvent s\u2019av\u00e9rer le cas \u00e9ch\u00e9ant inexactes, erron\u00e9es, incompl\u00e8tes ou obsol\u00e8tes.<\/p><p>\u00c9galement, vous pouvez d\u00e9finir des directives g\u00e9n\u00e9rales et particuli\u00e8res relatives au sort des donn\u00e9es \u00e0 caract\u00e8re personnel apr\u00e8s votre d\u00e9c\u00e8s. Le cas \u00e9ch\u00e9ant, les h\u00e9ritiers d\u2019une personne d\u00e9c\u00e9d\u00e9e peuvent exiger de prendre en consid\u00e9ration le d\u00e9c\u00e8s de leur proche et\/ou de proc\u00e9der aux mises \u00e0 jour n\u00e9cessaires.<\/p><p>Pour vous aider dans votre d\u00e9marche, notamment si vous d\u00e9sirez exercer, pour votre propre compte ou pour le compte de l\u2019un de vos proches d\u00e9c\u00e9d\u00e9, votre droit de rectification par le biais d\u2019une demande \u00e9crite \u00e0 l\u2019adresse postale mentionn\u00e9e au point 1, vous trouverez en cliquant sur le lien suivant un mod\u00e8le de courrier \u00e9labor\u00e9 par la CNIL.\u00a0<a href=\"https:\/\/www.cnil.fr\/fr\/modele\/courrier\/rectifier-des-donnees-incompletes\">https:\/\/www.cnil.fr\/fr\/modele\/courrier\/rectifier-des-donnees-inexactes-obsoletes-ou-perimees<\/a><\/p>\t\t\t\t\t\t<\/div>\n\t\t\t\t<\/div>\n\t\t\t\t<div class=\"elementor-element elementor-element-f89b23c elementor-widget elementor-widget-text-editor\" data-id=\"f89b23c\" data-element_type=\"widget\" data-widget_type=\"text-editor.default\">\n\t\t\t\t<div class=\"elementor-widget-container\">\n\t\t\t\t\t\t\t\t<h2>11: Droit d&rsquo;opposition<\/h2><p>L\u2019exercice de ce droit n\u2019est possible que dans l\u2019une des deux situations suivantes :<\/p><ul><li>Lorsque l\u2019exercice de ce droit est fond\u00e9 sur des motifs l\u00e9gitimes ; ou<\/li><li>Lorsque l\u2019exercice de ce droit vise \u00e0 faire obstacle \u00e0 ce que les donn\u00e9es recueillies soient utilis\u00e9es \u00e0 des fins de prospection commerciale.<\/li><\/ul><p>Pour vous aider dans votre d\u00e9marche, notamment si vous d\u00e9sirez exercer votre droit d\u2019opposition par le biais d\u2019une demande \u00e9crite adress\u00e9e \u00e0 l\u2019adresse postale indiqu\u00e9e au point 1, vous trouverez en cliquant sur le lien suivant un mod\u00e8le de courrier \u00e9labor\u00e9 par la CNIL.\u00a0<a href=\"https:\/\/www.cnil.fr\/fr\/modele\/courrier\/supprimer-des-informations-vous-concernant-dun-site-internet\">https:\/\/www.cnil.fr\/fr\/modele\/courrier\/supprimer-des-informations-vous-concernant-dun-site-internet<\/a><\/p>\t\t\t\t\t\t<\/div>\n\t\t\t\t<\/div>\n\t\t\t\t<div class=\"elementor-element elementor-element-5bb830a elementor-widget elementor-widget-text-editor\" data-id=\"5bb830a\" data-element_type=\"widget\" data-widget_type=\"text-editor.default\">\n\t\t\t\t<div class=\"elementor-widget-container\">\n\t\t\t\t\t\t\t\t<h2>12: D\u00e9lai de r\u00e9ponse<\/h2><p>G3CS\u00a0s\u2019engage \u00e0 r\u00e9pondre \u00e0 votre demande d\u2019acc\u00e8s, de rectification ou d\u2019opposition ou toute autre demande compl\u00e9mentaire d\u2019informations dans un d\u00e9lai raisonnable qui ne saurait d\u00e9passer 1 mois \u00e0 compter de la r\u00e9ception de votre demande.<\/p>\t\t\t\t\t\t<\/div>\n\t\t\t\t<\/div>\n\t\t\t\t<div class=\"elementor-element elementor-element-e5dc878 elementor-widget elementor-widget-text-editor\" data-id=\"e5dc878\" data-element_type=\"widget\" data-widget_type=\"text-editor.default\">\n\t\t\t\t<div class=\"elementor-widget-container\">\n\t\t\t\t\t\t\t\t<h2>13: Se d\u00e9sabonner<\/h2><p>Nous utilisons l\u2019adresse e-mail que vous fournissez pour vous envoyer des informations et mises \u00e0 jour relatives \u00e0 nos actions marketing, des nouvelles de l\u2019entreprise de fa\u00e7on occasionnelle, des informations sur des produits li\u00e9s, etc. Si \u00e0 n\u2019importe quel moment vous souhaitez vous d\u00e9sinscrire et ne plus recevoir d\u2019e-mails, des instructions de d\u00e9sabonnement d\u00e9taill\u00e9es sont incluses en bas de chaque e-mail.<\/p>\t\t\t\t\t\t<\/div>\n\t\t\t\t<\/div>\n\t\t\t\t<div class=\"elementor-element elementor-element-ca211e1 elementor-widget elementor-widget-text-editor\" data-id=\"ca211e1\" data-element_type=\"widget\" data-widget_type=\"text-editor.default\">\n\t\t\t\t<div class=\"elementor-widget-container\">\n\t\t\t\t\t\t\t\t<h2>14: Consentement<\/h2><p>En utilisant notre site, vous consentez \u00e0 notre politique de confidentialit\u00e9.<\/p>\t\t\t\t\t\t<\/div>\n\t\t\t\t<\/div>\n\t\t\t\t\t<\/div>\n\t\t<\/div>\n\t\t\t\t\t\t\t<\/div>\n\t\t<\/section>\n\t\t\t\t\t\t<\/div>\n\t\t\t\t\t<\/div>\n\t\t","protected":false},"excerpt":{"rendered":"<p>Politique de confidentialit\u00e9 1 : Identit\u00e9 du responsable du traitement Le responsable du traitement est la soci\u00e9t\u00e9 G3CS, au capital de 1000 euros, immatricul\u00e9e au RCS Saint-Nazaire B: 524 137 577 et dont le si\u00e8ge social est situ\u00e9 au 24 Rue Adrien Pichon 44600 Saint-Nazaire. Contact : 06 37 73 00 79 \/\/ info@g3cs.fr 2 &hellip;<\/p>\n<p class=\"read-more\"> <a class=\"\" href=\"https:\/\/g3cs.fr\/g3cs\/politiqueconfidentialite\/\"> <span class=\"screen-reader-text\">Politique confidentialit\u00e9<\/span> Lire la suite\u00a0\u00bb<\/a><\/p>\n","protected":false},"author":1,"featured_media":0,"parent":0,"menu_order":0,"comment_status":"closed","ping_status":"closed","template":"","meta":[],"_links":{"self":[{"href":"https:\/\/g3cs.fr\/g3cs\/wp-json\/wp\/v2\/pages\/1728"}],"collection":[{"href":"https:\/\/g3cs.fr\/g3cs\/wp-json\/wp\/v2\/pages"}],"about":[{"href":"https:\/\/g3cs.fr\/g3cs\/wp-json\/wp\/v2\/types\/page"}],"author":[{"embeddable":true,"href":"https:\/\/g3cs.fr\/g3cs\/wp-json\/wp\/v2\/users\/1"}],"replies":[{"embeddable":true,"href":"https:\/\/g3cs.fr\/g3cs\/wp-json\/wp\/v2\/comments?post=1728"}],"version-history":[{"count":5,"href":"https:\/\/g3cs.fr\/g3cs\/wp-json\/wp\/v2\/pages\/1728\/revisions"}],"predecessor-version":[{"id":1789,"href":"https:\/\/g3cs.fr\/g3cs\/wp-json\/wp\/v2\/pages\/1728\/revisions\/1789"}],"wp:attachment":[{"href":"https:\/\/g3cs.fr\/g3cs\/wp-json\/wp\/v2\/media?parent=1728"}],"curies":[{"name":"wp","href":"https:\/\/api.w.org\/{rel}","templated":true}]}}