{"id":1689,"date":"2021-09-12T20:31:31","date_gmt":"2021-09-12T18:31:31","guid":{"rendered":"http:\/\/g3cs.fr\/g3cs\/?page_id=1689"},"modified":"2021-10-13T15:20:59","modified_gmt":"2021-10-13T13:20:59","slug":"mentionslegales","status":"publish","type":"page","link":"https:\/\/g3cs.fr\/g3cs\/mentionslegales\/","title":{"rendered":"Mentions L\u00e9gales"},"content":{"rendered":"\t\t<div data-elementor-type=\"wp-page\" data-elementor-id=\"1689\" class=\"elementor elementor-1689\" data-elementor-settings=\"[]\">\n\t\t\t\t\t\t\t<div class=\"elementor-section-wrap\">\n\t\t\t\t\t\t\t<section class=\"elementor-section elementor-top-section elementor-element elementor-element-5e67e1d7 elementor-section-boxed elementor-section-height-default elementor-section-height-default\" data-id=\"5e67e1d7\" data-element_type=\"section\" data-settings=\"{&quot;background_background&quot;:&quot;classic&quot;}\">\n\t\t\t\t\t\t<div class=\"elementor-container elementor-column-gap-default\">\n\t\t\t\t\t<div class=\"elementor-column elementor-col-100 elementor-top-column elementor-element elementor-element-1215febf\" data-id=\"1215febf\" data-element_type=\"column\">\n\t\t\t<div class=\"elementor-widget-wrap elementor-element-populated\">\n\t\t\t\t\t\t\t\t<div class=\"elementor-element elementor-element-cf813de elementor-widget elementor-widget-heading\" data-id=\"cf813de\" data-element_type=\"widget\" data-widget_type=\"heading.default\">\n\t\t\t\t<div class=\"elementor-widget-container\">\n\t\t\t<h1 class=\"elementor-heading-title elementor-size-large\">Mentions L\u00e9gales<\/h1>\t\t<\/div>\n\t\t\t\t<\/div>\n\t\t\t\t<div class=\"elementor-element elementor-element-67accf76 elementor-widget elementor-widget-text-editor\" data-id=\"67accf76\" data-element_type=\"widget\" data-widget_type=\"text-editor.default\">\n\t\t\t\t<div class=\"elementor-widget-container\">\n\t\t\t\t\t\t\t\t<h2>Article 1 : \u00c9diteur &amp; Conception<\/h2><p>SARL G3CS<br \/>24 Rue Adrien Pichon<\/p><p>44600 SAINT-NAZAIRE<br \/>T\u00e9l : 06 37 73 00 79<\/p><p>RCS Saint-Nazaire B: 524 137 577 \/\/ Code APE : 6202A<\/p><p>Siret : 52413757700036<\/p><p>N\u00b0 de TVA intracommunautaire : FR63524137577<\/p><p>Capital social : 1000 \u20ac<\/p><p>Le directeur de la publication est LAURENT DUVAL, en tant que g\u00e9rant de la soci\u00e9t\u00e9 G3CS<br \/><strong>Pour contacter les webmasters :<\/strong>\u00a0<u>info@g3cs.fr<\/u><\/p><p>D\u00e9veloppement :\u00a0Camille DUVAL<\/p><p>Webdesign :\u00a0Camille DUVAL<\/p>\t\t\t\t\t\t<\/div>\n\t\t\t\t<\/div>\n\t\t\t\t<div class=\"elementor-element elementor-element-d909969 elementor-widget elementor-widget-text-editor\" data-id=\"d909969\" data-element_type=\"widget\" data-widget_type=\"text-editor.default\">\n\t\t\t\t<div class=\"elementor-widget-container\">\n\t\t\t\t\t\t\t\t<h2>Article 2 : H\u00e9bergeur<\/h2><p>Le site est h\u00e9berg\u00e9 sur les serveurs de la soci\u00e9t\u00e9 :<\/p><p>OVH<\/p><p>140 Quai du Sartel<\/p><p>49100 Roubaix<\/p>\t\t\t\t\t\t<\/div>\n\t\t\t\t<\/div>\n\t\t\t\t<div class=\"elementor-element elementor-element-12c9569 elementor-widget elementor-widget-text-editor\" data-id=\"12c9569\" data-element_type=\"widget\" data-widget_type=\"text-editor.default\">\n\t\t\t\t<div class=\"elementor-widget-container\">\n\t\t\t\t\t\t\t\t<h2>Article 3 : Acc\u00e8s au site<\/h2><p>Le site est accessible par tout endroit, 7j\/7, 24h\/24 sauf cas de force majeure, interruption programm\u00e9e ou non et pouvant d\u00e9coulant d\u2019une n\u00e9cessit\u00e9 de maintenance.<\/p><p>En cas de modification, interruption ou suspension des services le site : <a href=\"http:\/\/www.g3cs.fr\">www.g3cs.fr<\/a>\u00a0ne saurait \u00eatre tenu responsable.<\/p>\t\t\t\t\t\t<\/div>\n\t\t\t\t<\/div>\n\t\t\t\t<div class=\"elementor-element elementor-element-09262ff elementor-widget elementor-widget-text-editor\" data-id=\"09262ff\" data-element_type=\"widget\" data-widget_type=\"text-editor.default\">\n\t\t\t\t<div class=\"elementor-widget-container\">\n\t\t\t\t\t\t\t\t<h2>Article 4 : Collecte des donn\u00e9es<\/h2><p>Toutes les informations vous concernant r\u00e9colt\u00e9es dans les formulaires disponibles sur ce site sont destin\u00e9es \u00e0 G3CS.<\/p><p>Le site assure \u00e0 l\u2019Utilisateur une collecte et un traitement d\u2019informations personnelles dans le respect de la vie priv\u00e9e conform\u00e9ment \u00e0 la loi n\u00b078-17 du 6 janvier 1978 relative \u00e0 l\u2019informatique, aux fichiers et aux libert\u00e9s et R\u00e8glement europ\u00e9en n\u00b0 2016\/679, dit r\u00e8glement g\u00e9n\u00e9ral sur la protection des donn\u00e9es (RGPD).<\/p><p>En vertu de la loi Informatique et Libert\u00e9s, en date du 6 janvier 1978 et du RGPD, l\u2019Utilisateur dispose d\u2019un droit d\u2019acc\u00e8s, de rectification, de suppression et d\u2019opposition de ses donn\u00e9es personnelles. L\u2019Utilisateur exerce ce droit par e-mail ou par voie postale aux l\u2019adresses suivantes :<\/p><ul><li><a href=\"mailto:info@g3cs.fr\">info@g3cs.fr<\/a><\/li><li>SARL G3CS, 24 Rue Adrien Pichon 44600 SAINT-NAZAIRE<\/li><\/ul><p>En pr\u00e9cisant dans l\u2019objet \u00abDroits des personnes\u00bb et en joignant la copie de votre justificatif d\u2019identit\u00e9.<\/p><p>Pour plus d\u2019informations sur la protection de vos donn\u00e9es personnelles, nous vous invitons \u00e0 consulter la section \u00ab\u00a0<a href=\"https:\/\/www.groupe-calliope.com\/confidentialite\/\">Politique de confidentialit\u00e9<\/a>\u00a0\u00bb du site.<\/p>\t\t\t\t\t\t<\/div>\n\t\t\t\t<\/div>\n\t\t\t\t<div class=\"elementor-element elementor-element-1cf9f59 elementor-widget elementor-widget-text-editor\" data-id=\"1cf9f59\" data-element_type=\"widget\" data-widget_type=\"text-editor.default\">\n\t\t\t\t<div class=\"elementor-widget-container\">\n\t\t\t\t\t\t\t\t<h2>Article 5 : Informations concernant les formulaires du site<\/h2><p>Les informations recueillies sur ce formulaire sont enregistr\u00e9es dans un fichier informatis\u00e9 par G3CS pour la gestion de nos prospects ainsi que toute demande d\u2019information \u00e9manant d\u2019un dirigeant d\u2019entreprise.<br \/>Elles sont conserv\u00e9es pendant 2 ans et sont destin\u00e9es au service marketing, commercial et communication de l\u2019agence \u00e9tablis en France.<br \/>Conform\u00e9ment \u00e0 la loi \u00ab informatique et libert\u00e9s \u00bb , vous pouvez exercer votre droit d\u2019acc\u00e8s aux donn\u00e9es vous concernant et les faire rectifier.<\/p>\t\t\t\t\t\t<\/div>\n\t\t\t\t<\/div>\n\t\t\t\t<div class=\"elementor-element elementor-element-c842d94 elementor-widget elementor-widget-text-editor\" data-id=\"c842d94\" data-element_type=\"widget\" data-widget_type=\"text-editor.default\">\n\t\t\t\t<div class=\"elementor-widget-container\">\n\t\t\t\t\t\t\t\t<h2>Article 6 : Cookies<\/h2><p>L\u2019Utilisateur est inform\u00e9 que lors de ses visites sur le site, un cookie peut s\u2019installer automatiquement sur son logiciel de navigation.<\/p><p>En naviguant sur le site, il les accepte.<\/p><p>Un cookie est un fichier de petite taille, qui ne permet pas l\u2019identification de l\u2019utilisateur, mais qui enregistre des informations relatives \u00e0 la navigation d\u2019un ordinateur sur un site. Les donn\u00e9es ainsi obtenues visent \u00e0 faciliter la navigation ult\u00e9rieure sur le site, et ont \u00e9galement vocation \u00e0 permettre diverses mesures de fr\u00e9quentation.<br \/>Le refus d\u2019installation d\u2019un cookie peut entra\u00eener l\u2019impossibilit\u00e9 d\u2019acc\u00e9der \u00e0 certains services. L\u2019utilisateur peut toutefois configurer son ordinateur pour refuser l\u2019installation des cookies.<\/p>\t\t\t\t\t\t<\/div>\n\t\t\t\t<\/div>\n\t\t\t\t<div class=\"elementor-element elementor-element-70dd2c1 elementor-widget elementor-widget-text-editor\" data-id=\"70dd2c1\" data-element_type=\"widget\" data-widget_type=\"text-editor.default\">\n\t\t\t\t<div class=\"elementor-widget-container\">\n\t\t\t\t\t\t\t\t<h2>Article 7 : Propri\u00e9t\u00e9 Intellectuelle<\/h2><p>Toute utilisation, reproduction, diffusion, commercialisation, modification de toute ou partie du site <a href=\"http:\/\/www.g3cs.fr\">www.g3cs.fr<\/a>\u00a0sans autorisation de l\u2019Editeur est prohib\u00e9e et pourra entra\u00een\u00e9e des actions et poursuites judiciaires telles que notamment pr\u00e9vues par le Code de la propri\u00e9t\u00e9 intellectuelle et le Code civil.<\/p><p>Malgr\u00e9 tous les soins apport\u00e9s \u00e0 la r\u00e9alisation de ce site et \u00e0 son actualisation r\u00e9guli\u00e8re, des erreurs peuvent s\u2019\u00eatre gliss\u00e9es dans les informations et\/ou documents pr\u00e9sent\u00e9s. Si vous en constatez n\u2019h\u00e9sitez pas \u00e0 nous le faire savoir en nous contactant, nous proc\u00e9derons aux rectifications correspondantes.<\/p><p>Pour toute demande de reproduction ou d\u2019utilisation d\u2019\u00e9l\u00e9ments contenus sur le site <a href=\"http:\/\/www.G3CS.fr\">www.g3cs.fr<\/a> : info@g3cs.fr<\/p>\t\t\t\t\t\t<\/div>\n\t\t\t\t<\/div>\n\t\t\t\t<div class=\"elementor-element elementor-element-096dffa elementor-widget elementor-widget-text-editor\" data-id=\"096dffa\" data-element_type=\"widget\" data-widget_type=\"text-editor.default\">\n\t\t\t\t<div class=\"elementor-widget-container\">\n\t\t\t\t\t\t\t\t<h2>Article 8 : Exactitude de l&rsquo;information<\/h2><p>Tous nos moyens disponibles sont en mise \u0153uvre afin d\u2019offrir aux internautes un contenu de qualit\u00e9 sur le site\u00a0<a href=\"http:\/\/www.g3cs.fr\">www.g3cs.fr<\/a> \u00a0<\/p><p>Cependant, nous ne pouvons garantir la compl\u00e9tude, l\u2019exhaustivit\u00e9 et l\u2019exactitude du contenu des informations et des services propos\u00e9s sur le site.<\/p><p>En d\u2019autres termes, les informations et services ne sont pas forc\u00e9ment complets, exhaustifs, et justes. Nous ne sommes pas \u00e0 l\u2019abri d\u2019une erreur de frappe. Aussi, vous appartient-il de vous faire confirmer par G3CS, l\u2019ensemble des informations concernant les contenus pr\u00e9sent\u00e9s sur ce site.<\/p>\t\t\t\t\t\t<\/div>\n\t\t\t\t<\/div>\n\t\t\t\t<div class=\"elementor-element elementor-element-134e18d elementor-widget elementor-widget-text-editor\" data-id=\"134e18d\" data-element_type=\"widget\" data-widget_type=\"text-editor.default\">\n\t\t\t\t<div class=\"elementor-widget-container\">\n\t\t\t\t\t\t\t\t<h2>Article 9 : Liens<\/h2><p>Le site peut inclure des liens vers d\u2019autres sites Web ou d\u2019autres sources internet. Dans la mesure o\u00f9 G3CS ne peut contr\u00f4ler ces sites et ces sources externes, G3CS ne peut \u00eatre tenu pour responsable de la mise \u00e0 disposition de ces sites et sources externes, et ne peut supporter aucune responsabilit\u00e9 quant au contenu, publicit\u00e9s, produits, services ou tout autre mat\u00e9riel disponible sur ou \u00e0 partir de ces sites ou sources externes.<\/p>\t\t\t\t\t\t<\/div>\n\t\t\t\t<\/div>\n\t\t\t\t<div class=\"elementor-element elementor-element-a371c5f elementor-widget elementor-widget-text-editor\" data-id=\"a371c5f\" data-element_type=\"widget\" data-widget_type=\"text-editor.default\">\n\t\t\t\t<div class=\"elementor-widget-container\">\n\t\t\t\t\t\t\t\t<h2>Article 10 : Droit applicable et attributions de juridiction<\/h2><p>Tout litige en relation avec l\u2019utilisation du site <a href=\"http:\/\/www.g3cs.fr\">www.g3cs.fr<\/a> est soumis \u00e0 la loi fran\u00e7aise.<br \/>En cas de litige, les tribunaux Fran\u00e7ais seront seuls comp\u00e9tents.<\/p>\t\t\t\t\t\t<\/div>\n\t\t\t\t<\/div>\n\t\t\t\t\t<\/div>\n\t\t<\/div>\n\t\t\t\t\t\t\t<\/div>\n\t\t<\/section>\n\t\t\t\t\t\t<\/div>\n\t\t\t\t\t<\/div>\n\t\t","protected":false},"excerpt":{"rendered":"<p>Mentions L\u00e9gales Article 1 : \u00c9diteur &amp; Conception SARL G3CS 24 Rue Adrien Pichon 44600 SAINT-NAZAIRE T\u00e9l : 06 37 73 00 79 RCS Saint-Nazaire B: 524 137 577 \/\/ Code APE : 6202A Siret : 52413757700036 N\u00b0 de TVA intracommunautaire : FR63524137577 Capital social : 1000 \u20ac Le directeur de la publication est LAURENT &hellip;<\/p>\n<p class=\"read-more\"> <a class=\"\" href=\"https:\/\/g3cs.fr\/g3cs\/mentionslegales\/\"> <span class=\"screen-reader-text\">Mentions L\u00e9gales<\/span> Lire la suite\u00a0\u00bb<\/a><\/p>\n","protected":false},"author":1,"featured_media":0,"parent":0,"menu_order":0,"comment_status":"closed","ping_status":"closed","template":"","meta":[],"_links":{"self":[{"href":"https:\/\/g3cs.fr\/g3cs\/wp-json\/wp\/v2\/pages\/1689"}],"collection":[{"href":"https:\/\/g3cs.fr\/g3cs\/wp-json\/wp\/v2\/pages"}],"about":[{"href":"https:\/\/g3cs.fr\/g3cs\/wp-json\/wp\/v2\/types\/page"}],"author":[{"embeddable":true,"href":"https:\/\/g3cs.fr\/g3cs\/wp-json\/wp\/v2\/users\/1"}],"replies":[{"embeddable":true,"href":"https:\/\/g3cs.fr\/g3cs\/wp-json\/wp\/v2\/comments?post=1689"}],"version-history":[{"count":21,"href":"https:\/\/g3cs.fr\/g3cs\/wp-json\/wp\/v2\/pages\/1689\/revisions"}],"predecessor-version":[{"id":1788,"href":"https:\/\/g3cs.fr\/g3cs\/wp-json\/wp\/v2\/pages\/1689\/revisions\/1788"}],"wp:attachment":[{"href":"https:\/\/g3cs.fr\/g3cs\/wp-json\/wp\/v2\/media?parent=1689"}],"curies":[{"name":"wp","href":"https:\/\/api.w.org\/{rel}","templated":true}]}}